{"id":2153,"date":"2015-09-01T16:38:37","date_gmt":"2015-09-01T16:38:37","guid":{"rendered":"http:\/\/www.valledelmarta.com\/en\/product\/italian-lemon-liqueur\/"},"modified":"2025-10-31T15:33:20","modified_gmt":"2025-10-31T15:33:20","slug":"italian-lemon-liqueur","status":"publish","type":"product","link":"https:\/\/www.valledelmarta.com\/en\/product\/italian-lemon-liqueur\/","title":{"rendered":"Lemon liqueur &#8211; 50 cl."},"content":{"rendered":"<h3><span style=\"color: #808080;\"><b><span dir=\"auto\" style=\"vertical-align: inherit;\"><span dir=\"auto\" style=\"vertical-align: inherit;\">Nome:\u00a0<\/span><\/span><\/b><span dir=\"auto\" style=\"vertical-align: inherit;\"><span dir=\"auto\" style=\"vertical-align: inherit;\"> &#8220;LIMONETTO&#8221;.<\/span><\/span><\/span><\/h3>\n<h3><span style=\"color: #808080;\"><strong><span dir=\"auto\" style=\"vertical-align: inherit;\"><span dir=\"auto\" style=\"vertical-align: inherit;\">Produttore:<\/span><\/span><\/strong><span dir=\"auto\" style=\"vertical-align: inherit;\"><span dir=\"auto\" style=\"vertical-align: inherit;\"> \u00a0Valle del Marta Tarquinia VT Italia.<\/span><\/span><\/span><\/h3>\n<h3><span style=\"color: #808080;\"><strong><span dir=\"auto\" style=\"vertical-align: inherit;\"><span dir=\"auto\" style=\"vertical-align: inherit;\">Governo Autunnale:<\/span><\/span><\/strong><span dir=\"auto\" style=\"vertical-align: inherit;\"><span dir=\"auto\" style=\"vertical-align: inherit;\"> \u00a0IT00VTX00001M.<\/span><\/span><\/span><\/h3>\n<h3><span style=\"color: #808080;\"><strong><span dir=\"auto\" style=\"vertical-align: inherit;\"><span dir=\"auto\" style=\"vertical-align: inherit;\">Formato:<\/span><\/span><\/strong><span dir=\"auto\" style=\"vertical-align: inherit;\"><span dir=\"auto\" style=\"vertical-align: inherit;\"> \u00a050 cl. &#8211; Bottiglia in vetro trasparente.<\/span><\/span><\/span><\/h3>\n<h3 style=\"text-align: left;\"><span style=\"color: #808080;\"><strong><span dir=\"auto\" style=\"vertical-align: inherit;\"><span dir=\"auto\" style=\"vertical-align: inherit;\">Ingredienti:<\/span><\/span><\/strong><span dir=\"auto\" style=\"vertical-align: inherit;\"><span dir=\"auto\" style=\"vertical-align: inherit;\"> \u00a0 \u00a0Acqua, soluzione alcolica, zucchero, scorza di limone.<\/span><\/span><\/span><\/h3>\n<h3 style=\"text-align: left;\"><span style=\"color: #808080;\"><strong><span dir=\"auto\" style=\"vertical-align: inherit;\"><span dir=\"auto\" style=\"vertical-align: inherit;\">Gradazione alcolica:<\/span><\/span><\/strong><span dir=\"auto\" style=\"vertical-align: inherit;\"><span dir=\"auto\" style=\"vertical-align: inherit;\"> \u00a030 % vol.<\/span><\/span><\/span><\/h3>\n<h3 style=\"text-align: justify;\"><span style=\"color: #808080;\"><strong><span dir=\"auto\" style=\"vertical-align: inherit;\"><span dir=\"auto\" style=\"vertical-align: inherit;\">Descrizione:<\/span><\/span><\/strong><span dir=\"auto\" style=\"vertical-align: inherit;\"><span dir=\"auto\" style=\"vertical-align: inherit;\"> \u00a0Probabilmente uno dei liquori pi\u00f9 in voga degli ultimi anni nella ristorazione italiana, sicuramente, data la semplicit\u00e0 nella preparazione e la sua gradevolezza, anche uno dei liquori casalinghi pi\u00f9 diffusi. Il gradevole sapore di limone e la temperatura di servizio, molto fredda, lo rendono adatto a tutti, uomini e donne, soprattutto dopo un pasto abbondante.<\/span><\/span><\/span><\/h3>\n<h3><span style=\"color: #808080;\"><strong><span dir=\"auto\" style=\"vertical-align: inherit;\"><span dir=\"auto\" style=\"vertical-align: inherit;\">Conservazione:<\/span><\/span><\/strong><span dir=\"auto\" style=\"vertical-align: inherit;\"><span dir=\"auto\" style=\"vertical-align: inherit;\"> \u00a0in un luogo asciutto e fresco.<\/span><\/span><\/span><\/h3>\n<h3 style=\"text-align: left;\"><span style=\"color: #808080;\"><strong><span dir=\"auto\" style=\"vertical-align: inherit;\"><span dir=\"auto\" style=\"vertical-align: inherit;\">Temperatura di servizio:<\/span><\/span><\/strong><span dir=\"auto\" style=\"vertical-align: inherit;\"><span dir=\"auto\" style=\"vertical-align: inherit;\"> \u00a08 \u00b0C.<\/span><\/span><\/span><\/h3>\n<h3><span style=\"color: #808080;\"><strong><span dir=\"auto\" style=\"vertical-align: inherit;\"><span dir=\"auto\" style=\"vertical-align: inherit;\">Potenziale di invecchiamento:<\/span><\/span><\/strong><span dir=\"auto\" style=\"vertical-align: inherit;\"><span dir=\"auto\" style=\"vertical-align: inherit;\"> \u00a0pi\u00f9 anni.<\/span><\/span><\/span><\/h3>\n<p>&nbsp;<\/p>\n<h3 style=\"text-align: center;\"><span style=\"color: #808080;\"><span dir=\"auto\" style=\"vertical-align: inherit;\"><span dir=\"auto\" style=\"vertical-align: inherit;\">ZONA DI PRODUZIONE: EUROPA &#8211; ITALIA &#8211; LAZIO &#8211; TARQUINIA &#8211; AZIENDA AGRICOLA VALLE DEL MARTA<\/span><\/span><\/span><\/h3>\n<p style=\"text-align: center;\"><a href=\"https:\/\/www.valledelmarta.com\/en\/wp-content\/uploads\/2015\/08\/logo-italian-distillery.png\"><img loading=\"lazy\" decoding=\"async\" class=\"alignnone size-full wp-image-3099\" src=\"https:\/\/www.valledelmarta.com\/en\/wp-content\/uploads\/2015\/08\/logo-italian-distillery.png\" alt=\"logo distilleria valledelmarta\" width=\"332\" height=\"244\" srcset=\"https:\/\/www.valledelmarta.com\/en\/wp-content\/uploads\/2015\/08\/logo-italian-distillery.png 332w, https:\/\/www.valledelmarta.com\/en\/wp-content\/uploads\/2015\/08\/logo-italian-distillery-300x220.png 300w\" sizes=\"(max-width: 332px) 100vw, 332px\" \/><\/a><\/p>\n<p style=\"text-align: center;\"><a href=\"https:\/\/www.valledelmarta.com\/en\/wp-content\/uploads\/2015\/08\/sfondo-pagine.png\"><img loading=\"lazy\" decoding=\"async\" class=\"alignnone size-full wp-image-3100\" src=\"https:\/\/www.valledelmarta.com\/en\/wp-content\/uploads\/2015\/08\/sfondo-pagine.png\" alt=\"sfondo pagine\" width=\"633\" height=\"960\" srcset=\"https:\/\/www.valledelmarta.com\/en\/wp-content\/uploads\/2015\/08\/sfondo-pagine.png 633w, https:\/\/www.valledelmarta.com\/en\/wp-content\/uploads\/2015\/08\/sfondo-pagine-510x773.png 510w, https:\/\/www.valledelmarta.com\/en\/wp-content\/uploads\/2015\/08\/sfondo-pagine-198x300.png 198w\" sizes=\"(max-width: 633px) 100vw, 633px\" \/><\/a><\/p>\n","protected":false},"excerpt":{"rendered":"<a href='https:\/\/www.valledelmarta.com\/en\/liqueurs-made-in-italy\/' class='small-button smallsilver'>Click here for previous page<\/a>\n","protected":false},"featured_media":3391,"comment_status":"closed","ping_status":"closed","template":"","meta":{"_et_pb_use_builder":"","_et_pb_old_content":"","_et_gb_content_width":""},"product_brand":[],"product_cat":[15],"product_tag":[51],"class_list":{"0":"post-2153","1":"product","2":"type-product","3":"status-publish","4":"has-post-thumbnail","6":"product_cat-03-liquer-grappa-and-brandy","7":"product_tag-sweet-liqueur","9":"first","10":"instock","11":"shipping-taxable","12":"purchasable","13":"product-type-simple"},"_links":{"self":[{"href":"https:\/\/www.valledelmarta.com\/en\/wp-json\/wp\/v2\/product\/2153","targetHints":{"allow":["GET"]}}],"collection":[{"href":"https:\/\/www.valledelmarta.com\/en\/wp-json\/wp\/v2\/product"}],"about":[{"href":"https:\/\/www.valledelmarta.com\/en\/wp-json\/wp\/v2\/types\/product"}],"replies":[{"embeddable":true,"href":"https:\/\/www.valledelmarta.com\/en\/wp-json\/wp\/v2\/comments?post=2153"}],"wp:featuredmedia":[{"embeddable":true,"href":"https:\/\/www.valledelmarta.com\/en\/wp-json\/wp\/v2\/media\/3391"}],"wp:attachment":[{"href":"https:\/\/www.valledelmarta.com\/en\/wp-json\/wp\/v2\/media?parent=2153"}],"wp:term":[{"taxonomy":"product_brand","embeddable":true,"href":"https:\/\/www.valledelmarta.com\/en\/wp-json\/wp\/v2\/product_brand?post=2153"},{"taxonomy":"product_cat","embeddable":true,"href":"https:\/\/www.valledelmarta.com\/en\/wp-json\/wp\/v2\/product_cat?post=2153"},{"taxonomy":"product_tag","embeddable":true,"href":"https:\/\/www.valledelmarta.com\/en\/wp-json\/wp\/v2\/product_tag?post=2153"}],"curies":[{"name":"wp","href":"https:\/\/api.w.org\/{rel}","templated":true}]}}