{"id":2994,"date":"2021-06-05T10:31:31","date_gmt":"2021-06-05T10:31:31","guid":{"rendered":"http:\/\/www.valledelmarta.com\/en\/product\/sambuca-40-70-cl\/"},"modified":"2025-10-25T15:29:05","modified_gmt":"2025-10-25T15:29:05","slug":"sambuca-40-70-cl","status":"publish","type":"product","link":"https:\/\/www.valledelmarta.com\/en\/product\/sambuca-40-70-cl\/","title":{"rendered":"SAMBUCA 70 cl"},"content":{"rendered":"<p><span style=\"color: #999999;\"><strong><span style=\"vertical-align: inherit;\"><span style=\"vertical-align: inherit;\"><span style=\"vertical-align: inherit;\"><span style=\"vertical-align: inherit;\">Produttore:<\/span><\/span><\/span><\/span><\/strong><span style=\"vertical-align: inherit;\"><span style=\"vertical-align: inherit;\"><span style=\"vertical-align: inherit;\"><span style=\"vertical-align: inherit;\"> Valle del Marta &#8211; Citt\u00e0: Tarquinia VT &#8211; Nazione: Italia. <\/span><\/span><\/span><\/span><br \/>\n<strong><span style=\"vertical-align: inherit;\"><span style=\"vertical-align: inherit;\"><span style=\"vertical-align: inherit;\"><span style=\"vertical-align: inherit;\">Autore Governativo:<\/span><\/span><\/span><\/span><\/strong><span style=\"vertical-align: inherit;\"><span style=\"vertical-align: inherit;\"><span style=\"vertical-align: inherit;\"><span style=\"vertical-align: inherit;\"> Valle del Marta IT00VTA00039N. <\/span><\/span><\/span><\/span><br \/>\n<strong><span style=\"vertical-align: inherit;\"><span style=\"vertical-align: inherit;\"><span style=\"vertical-align: inherit;\"><span style=\"vertical-align: inherit;\">Formato:<\/span><\/span><\/span><\/span><\/strong><span style=\"vertical-align: inherit;\"><span style=\"vertical-align: inherit;\"><span style=\"vertical-align: inherit;\"><span style=\"vertical-align: inherit;\"> \u00a070 cl. &#8211; Bottiglia in vetro trasparente. <\/span><\/span><\/span><\/span><br \/>\n<strong><span style=\"vertical-align: inherit;\"><span style=\"vertical-align: inherit;\"><span style=\"vertical-align: inherit;\"><span style=\"vertical-align: inherit;\">Gradazione alcolica:<\/span><\/span><\/span><\/span><\/strong><span style=\"vertical-align: inherit;\"><span style=\"vertical-align: inherit;\"><span style=\"vertical-align: inherit;\"><span style=\"vertical-align: inherit;\"> \u00a040% vol.<\/span><\/span><\/span><\/span><\/span><\/p>\n<p><span style=\"color: #999999;\"><strong><span style=\"vertical-align: inherit;\"><span style=\"vertical-align: inherit;\"><span style=\"vertical-align: inherit;\"><span style=\"vertical-align: inherit;\">Ingredienti:<\/span><\/span><\/span><\/span><\/strong><span style=\"vertical-align: inherit;\"><span style=\"vertical-align: inherit;\"><span style=\"vertical-align: inherit;\"><span style=\"vertical-align: inherit;\"> Alcool, acqua, zucchero, anisetta. <\/span><\/span><\/span><\/span><br \/>\n<strong><span style=\"vertical-align: inherit;\"><span style=\"vertical-align: inherit;\"><span style=\"vertical-align: inherit;\"><span style=\"vertical-align: inherit;\">Descrizione:<\/span><\/span><\/span><\/span><\/strong><span style=\"vertical-align: inherit;\"><span style=\"vertical-align: inherit;\"><span style=\"vertical-align: inherit;\"><span style=\"vertical-align: inherit;\"> Valle del Marta Sambuca 40% \u00e8 trasparente, con note fresche di anice ben distinguibili. Il suo buon equilibrio tra contenuto alcolico, densit\u00e0 zuccherina e il gusto dolce e persistente dell&#8217;anice stellato \u00e8 immediatamente percepibile al sorso. Prende il nome Sambuca 40% dal suo contenuto alcolico. Pu\u00f2 essere utilizzato per correggere il caff\u00e8, liscio o con ghiaccio oppure, secondo una tipica tradizione italiana, \u201calla mosca\u201d, cio\u00e8 con un chicco di caff\u00e8 in infusione nel bicchiere. <\/span><\/span><\/span><\/span><br \/>\n<strong><span style=\"vertical-align: inherit;\"><span style=\"vertical-align: inherit;\"><span style=\"vertical-align: inherit;\"><span style=\"vertical-align: inherit;\">Conservazione:<\/span><\/span><\/span><\/span><\/strong><span style=\"vertical-align: inherit;\"><span style=\"vertical-align: inherit;\"><span style=\"vertical-align: inherit;\"><span style=\"vertical-align: inherit;\"> senza limiti in una corretta conservazione. <\/span><\/span><\/span><\/span><\/span><span style=\"color: #999999;\"><br \/>\n<strong><span style=\"vertical-align: inherit;\"><span style=\"vertical-align: inherit;\"><span style=\"vertical-align: inherit;\"><span style=\"vertical-align: inherit;\">Temperatura di servizio:<\/span><\/span><\/span><\/span><\/strong><span style=\"vertical-align: inherit;\"><span style=\"vertical-align: inherit;\"><span style=\"vertical-align: inherit;\"><span style=\"vertical-align: inherit;\"> \u00a018\u00b0 C. <\/span><\/span><\/span><\/span><br \/>\n<strong><span style=\"vertical-align: inherit;\"><span style=\"vertical-align: inherit;\"><span style=\"vertical-align: inherit;\"><span style=\"vertical-align: inherit;\">Conservazione:<\/span><\/span><\/span><\/span><\/strong><span style=\"vertical-align: inherit;\"><span style=\"vertical-align: inherit;\"><span style=\"vertical-align: inherit;\"><span style=\"vertical-align: inherit;\"> in luogo fresco e asciutto, al riparo dalla luce e da fonti di calore.<\/span><\/span><\/span><\/span><\/span><\/p>\n<p>&nbsp;<\/p>\n<h3 style=\"text-align: center;\"><span style=\"color: #999999;\"><span style=\"vertical-align: inherit;\"><span style=\"vertical-align: inherit;\"><span style=\"vertical-align: inherit;\"><span style=\"vertical-align: inherit;\">ZONA DI PRODUZIONE: EUROPA &#8211; ITALIA &#8211; LAZIO &#8211; TARQUINIA &#8211; AZIENDA AGRICOLA VALLE DEL MARTA<\/span><\/span><\/span><\/span><\/span><\/h3>\n<p>&nbsp;<\/p>\n<h3 class=\"std\" style=\"text-align: center;\">\u00a0<a href=\"https:\/\/www.valledelmarta.com\/en\/wp-content\/uploads\/2015\/08\/logo-italian-distillery.png\"><img loading=\"lazy\" decoding=\"async\" class=\"alignnone size-full wp-image-3099\" src=\"https:\/\/www.valledelmarta.com\/en\/wp-content\/uploads\/2015\/08\/logo-italian-distillery.png\" alt=\"logo distilleria valledelmarta\" width=\"332\" height=\"244\" srcset=\"https:\/\/www.valledelmarta.com\/en\/wp-content\/uploads\/2015\/08\/logo-italian-distillery.png 332w, https:\/\/www.valledelmarta.com\/en\/wp-content\/uploads\/2015\/08\/logo-italian-distillery-300x220.png 300w\" sizes=\"(max-width: 332px) 100vw, 332px\" \/><\/a><\/h3>\n<p style=\"text-align: center;\"><a href=\"https:\/\/www.valledelmarta.com\/en\/wp-content\/uploads\/2015\/08\/sfondo-pagine.png\"><img loading=\"lazy\" decoding=\"async\" class=\"alignnone size-full wp-image-3100\" src=\"https:\/\/www.valledelmarta.com\/en\/wp-content\/uploads\/2015\/08\/sfondo-pagine.png\" alt=\"sfondo pagine\" width=\"633\" height=\"960\" srcset=\"https:\/\/www.valledelmarta.com\/en\/wp-content\/uploads\/2015\/08\/sfondo-pagine.png 633w, https:\/\/www.valledelmarta.com\/en\/wp-content\/uploads\/2015\/08\/sfondo-pagine-510x773.png 510w, https:\/\/www.valledelmarta.com\/en\/wp-content\/uploads\/2015\/08\/sfondo-pagine-198x300.png 198w\" sizes=\"(max-width: 633px) 100vw, 633px\" \/><\/a><\/p>\n","protected":false},"excerpt":{"rendered":"<p><span style=\"vertical-align: inherit;\"><span style=\"vertical-align: inherit;\"><span style=\"vertical-align: inherit;\"><span style=\"vertical-align: inherit;\"><a href='https:\/\/www.valledelmarta.com\/it\/liquori-made-in-italy\/' class='small-button smallsilver'>Clicca qui per la pagina precedente<\/a><\/span><\/span><\/span><\/span><\/p>\n","protected":false},"featured_media":3373,"comment_status":"closed","ping_status":"closed","template":"","meta":{"_et_pb_use_builder":"","_et_pb_old_content":"","_et_gb_content_width":""},"product_brand":[],"product_cat":[15],"product_tag":[],"class_list":{"0":"post-2994","1":"product","2":"type-product","3":"status-publish","4":"has-post-thumbnail","6":"product_cat-03-liquer-grappa-and-brandy","8":"first","9":"instock","10":"shipping-taxable","11":"purchasable","12":"product-type-simple"},"_links":{"self":[{"href":"https:\/\/www.valledelmarta.com\/en\/wp-json\/wp\/v2\/product\/2994","targetHints":{"allow":["GET"]}}],"collection":[{"href":"https:\/\/www.valledelmarta.com\/en\/wp-json\/wp\/v2\/product"}],"about":[{"href":"https:\/\/www.valledelmarta.com\/en\/wp-json\/wp\/v2\/types\/product"}],"replies":[{"embeddable":true,"href":"https:\/\/www.valledelmarta.com\/en\/wp-json\/wp\/v2\/comments?post=2994"}],"wp:featuredmedia":[{"embeddable":true,"href":"https:\/\/www.valledelmarta.com\/en\/wp-json\/wp\/v2\/media\/3373"}],"wp:attachment":[{"href":"https:\/\/www.valledelmarta.com\/en\/wp-json\/wp\/v2\/media?parent=2994"}],"wp:term":[{"taxonomy":"product_brand","embeddable":true,"href":"https:\/\/www.valledelmarta.com\/en\/wp-json\/wp\/v2\/product_brand?post=2994"},{"taxonomy":"product_cat","embeddable":true,"href":"https:\/\/www.valledelmarta.com\/en\/wp-json\/wp\/v2\/product_cat?post=2994"},{"taxonomy":"product_tag","embeddable":true,"href":"https:\/\/www.valledelmarta.com\/en\/wp-json\/wp\/v2\/product_tag?post=2994"}],"curies":[{"name":"wp","href":"https:\/\/api.w.org\/{rel}","templated":true}]}}