{"id":3148,"date":"2022-03-08T08:28:12","date_gmt":"2022-03-08T08:28:12","guid":{"rendered":"http:\/\/www.valledelmarta.com\/en\/product\/amaro-redbittercherry-075-cl\/"},"modified":"2025-10-31T16:05:02","modified_gmt":"2025-10-31T16:05:02","slug":"amaro-redbittercherry-075-cl","status":"publish","type":"product","link":"https:\/\/www.valledelmarta.com\/en\/product\/amaro-redbittercherry-075-cl\/","title":{"rendered":"Amaro RedBitterCherry"},"content":{"rendered":"<h2><span style=\"color: #808080;\"><strong><span dir=\"auto\" style=\"vertical-align: inherit;\"><span dir=\"auto\" style=\"vertical-align: inherit;\"><span dir=\"auto\" style=\"vertical-align: inherit;\"><span dir=\"auto\" style=\"vertical-align: inherit;\"><span dir=\"auto\" style=\"vertical-align: inherit;\"><span dir=\"auto\" style=\"vertical-align: inherit;\">Produttore:<\/span><\/span><\/span><\/span><\/span><\/span><\/strong><span dir=\"auto\" style=\"vertical-align: inherit;\"><span dir=\"auto\" style=\"vertical-align: inherit;\"><span dir=\"auto\" style=\"vertical-align: inherit;\"><span dir=\"auto\" style=\"vertical-align: inherit;\"><span dir=\"auto\" style=\"vertical-align: inherit;\"><span dir=\"auto\" style=\"vertical-align: inherit;\"> Valle del Marta &#8211; Citt\u00e0: Tarquinia VT &#8211; Nazione: Italia. <\/span><\/span><\/span><\/span><\/span><\/span><\/span><span dir=\"auto\" style=\"vertical-align: inherit;\"><span style=\"color: #808080;\"><strong><span dir=\"auto\" style=\"vertical-align: inherit;\"><span dir=\"auto\" style=\"vertical-align: inherit;\"><span dir=\"auto\" style=\"vertical-align: inherit;\"><span dir=\"auto\" style=\"vertical-align: inherit;\"><span dir=\"auto\" style=\"vertical-align: inherit;\">Aut. Governatore:<\/span><\/span><\/span><\/span><\/span><\/strong><\/span><\/span><span dir=\"auto\" style=\"vertical-align: inherit;\"><span style=\"color: #808080;\"><span dir=\"auto\" style=\"vertical-align: inherit;\"><span dir=\"auto\" style=\"vertical-align: inherit;\"><span dir=\"auto\" style=\"vertical-align: inherit;\"><span dir=\"auto\" style=\"vertical-align: inherit;\"> IT00VTA00039M<\/span><\/span><\/span><\/span><\/span><\/span><span dir=\"auto\" style=\"vertical-align: inherit;\"><span style=\"color: #808080;\"><span dir=\"auto\" style=\"vertical-align: inherit;\"><span dir=\"auto\" style=\"vertical-align: inherit;\"><span dir=\"auto\" style=\"vertical-align: inherit;\"><span dir=\"auto\" style=\"vertical-align: inherit;\"><span dir=\"auto\" style=\"vertical-align: inherit;\"> . <\/span><\/span><\/span><\/span><\/span><\/span><span style=\"color: #808080;\"><strong><span dir=\"auto\" style=\"vertical-align: inherit;\"><span dir=\"auto\" style=\"vertical-align: inherit;\"><span dir=\"auto\" style=\"vertical-align: inherit;\"><span dir=\"auto\" style=\"vertical-align: inherit;\"><span dir=\"auto\" style=\"vertical-align: inherit;\">Formato:<\/span><\/span><\/span><\/span><\/span><\/strong><\/span><span style=\"color: #808080;\"><span dir=\"auto\" style=\"vertical-align: inherit;\"><span dir=\"auto\" style=\"vertical-align: inherit;\"><span dir=\"auto\" style=\"vertical-align: inherit;\"><span dir=\"auto\" style=\"vertical-align: inherit;\"><span dir=\"auto\" style=\"vertical-align: inherit;\"> \u00a070 cl. &#8211; Bottiglia di vetro trasparente. <\/span><\/span><\/span><\/span><\/span><\/span><span style=\"color: #808080;\"><strong><span dir=\"auto\" style=\"vertical-align: inherit;\"><span dir=\"auto\" style=\"vertical-align: inherit;\"><span dir=\"auto\" style=\"vertical-align: inherit;\"><span dir=\"auto\" style=\"vertical-align: inherit;\"><span dir=\"auto\" style=\"vertical-align: inherit;\">Gradazione alcolica:<\/span><\/span><\/span><\/span><\/span><\/strong><\/span><span style=\"color: #808080;\"><span dir=\"auto\" style=\"vertical-align: inherit;\"><span dir=\"auto\" style=\"vertical-align: inherit;\"><span dir=\"auto\" style=\"vertical-align: inherit;\"><span dir=\"auto\" style=\"vertical-align: inherit;\"><span dir=\"auto\" style=\"vertical-align: inherit;\"> \u00a030% vol. <\/span><\/span><\/span><\/span><\/span><\/span><span style=\"color: #808080;\"><strong><span dir=\"auto\" style=\"vertical-align: inherit;\"><span dir=\"auto\" style=\"vertical-align: inherit;\"><span dir=\"auto\" style=\"vertical-align: inherit;\"><span dir=\"auto\" style=\"vertical-align: inherit;\"><span dir=\"auto\" style=\"vertical-align: inherit;\">Ingredienti:<\/span><\/span><\/span><\/span><\/span><\/strong><\/span><span style=\"color: #808080;\"><span dir=\"auto\" style=\"vertical-align: inherit;\"><span dir=\"auto\" style=\"vertical-align: inherit;\"><span dir=\"auto\" style=\"vertical-align: inherit;\"><span dir=\"auto\" style=\"vertical-align: inherit;\"><span dir=\"auto\" style=\"vertical-align: inherit;\"> \u00a0Soluzione alcolica, acqua, erbe aromatiche, zucchero e amarene. <\/span><\/span><\/span><\/span><\/span><\/span><span style=\"color: #808080;\"><span dir=\"auto\" style=\"vertical-align: inherit;\"><span dir=\"auto\" style=\"vertical-align: inherit;\"><span dir=\"auto\" style=\"vertical-align: inherit;\"><span dir=\"auto\" style=\"vertical-align: inherit;\"><span dir=\"auto\" style=\"vertical-align: inherit;\">Descrizione: \u00c8 un liquore amaro preparato a base di erbe aromatiche, frutta e spezie. La sua caratteristica dominante \u00e8 l&#8217;amarena, un frutto piccolo e particolarmente colorato, dal sapore leggermente agrodolce anche a maturazione. L&#8217;infusione idroalcolica a freddo di questo frutto conferisce al liquore un colore rosso intenso e brillante. Il profumo di amarena \u00e8 ben distinguibile all&#8217;olfatto. Nonostante la presenza di erbe amare tipiche di un liquore digestivo, il suo sapore \u00e8 gradevole, quasi addomesticato dal frutto rosso che persiste anche nel retrogusto. \u00c8 ottimo con l&#8217;aggiunta di ghiaccio e acqua come dissetante, ricordando comunque le propriet\u00e0 digestive tipiche di un amaro. <\/span><\/span><\/span><\/span><\/span><\/span><span style=\"color: #808080;\"><strong><span dir=\"auto\" style=\"vertical-align: inherit;\"><span dir=\"auto\" style=\"vertical-align: inherit;\"><span dir=\"auto\" style=\"vertical-align: inherit;\"><span dir=\"auto\" style=\"vertical-align: inherit;\"><span dir=\"auto\" style=\"vertical-align: inherit;\">Temperatura di servizio:<\/span><\/span><\/span><\/span><\/span><\/strong><\/span><span style=\"color: #808080;\"><span dir=\"auto\" style=\"vertical-align: inherit;\"><span dir=\"auto\" style=\"vertical-align: inherit;\"><span dir=\"auto\" style=\"vertical-align: inherit;\"><span dir=\"auto\" style=\"vertical-align: inherit;\"><span dir=\"auto\" style=\"vertical-align: inherit;\"> \u00a022\u00b0 C. <\/span><\/span><\/span><\/span><\/span><\/span><span style=\"color: #808080;\"><strong><span dir=\"auto\" style=\"vertical-align: inherit;\"><span dir=\"auto\" style=\"vertical-align: inherit;\"><span dir=\"auto\" style=\"vertical-align: inherit;\"><span dir=\"auto\" style=\"vertical-align: inherit;\"><span dir=\"auto\" style=\"vertical-align: inherit;\">Conservazione:<\/span><\/span><\/span><\/span><\/span><\/strong><\/span><span style=\"color: #808080;\"><span dir=\"auto\" style=\"vertical-align: inherit;\"><span dir=\"auto\" style=\"vertical-align: inherit;\"><span dir=\"auto\" style=\"vertical-align: inherit;\"><span dir=\"auto\" style=\"vertical-align: inherit;\"><span dir=\"auto\" style=\"vertical-align: inherit;\"> In luogo asciutto e fresco.<\/span><\/span><\/span><\/span><\/span><\/span><\/span><\/h2>\n<p>&nbsp;<\/p>\n<h3 style=\"text-align: center;\"><span style=\"color: #999999;\"><span dir=\"auto\" style=\"vertical-align: inherit;\"><span dir=\"auto\" style=\"vertical-align: inherit;\"><span dir=\"auto\" style=\"vertical-align: inherit;\"><span dir=\"auto\" style=\"vertical-align: inherit;\"><span dir=\"auto\" style=\"vertical-align: inherit;\"><span dir=\"auto\" style=\"vertical-align: inherit;\">ZONA DI PRODUZIONE: EUROPA &#8211; ITALIA &#8211; LAZIO &#8211; TARQUINIA &#8211; AZIENDA AGRICOLA VALLE DEL MARTA<\/span><\/span><\/span><\/span><\/span><\/span><\/span><\/h3>\n<p style=\"text-align: center;\"><a href=\"https:\/\/www.valledelmarta.com\/en\/wp-content\/uploads\/2015\/08\/logo-italian-distillery.png\"><img loading=\"lazy\" decoding=\"async\" class=\"alignnone size-full wp-image-3099\" src=\"https:\/\/www.valledelmarta.com\/en\/wp-content\/uploads\/2015\/08\/logo-italian-distillery.png\" alt=\"logo distilleria valledelmarta\" width=\"332\" height=\"244\" srcset=\"https:\/\/www.valledelmarta.com\/en\/wp-content\/uploads\/2015\/08\/logo-italian-distillery.png 332w, https:\/\/www.valledelmarta.com\/en\/wp-content\/uploads\/2015\/08\/logo-italian-distillery-300x220.png 300w\" sizes=\"(max-width: 332px) 100vw, 332px\" \/><\/a><\/p>\n<p style=\"text-align: center;\"><a href=\"https:\/\/www.valledelmarta.com\/en\/wp-content\/uploads\/2015\/08\/sfondo-pagine.png\"><img loading=\"lazy\" decoding=\"async\" class=\"alignnone size-full wp-image-3100\" src=\"https:\/\/www.valledelmarta.com\/en\/wp-content\/uploads\/2015\/08\/sfondo-pagine.png\" alt=\"sfondo pagine\" width=\"633\" height=\"960\" srcset=\"https:\/\/www.valledelmarta.com\/en\/wp-content\/uploads\/2015\/08\/sfondo-pagine.png 633w, https:\/\/www.valledelmarta.com\/en\/wp-content\/uploads\/2015\/08\/sfondo-pagine-510x773.png 510w, https:\/\/www.valledelmarta.com\/en\/wp-content\/uploads\/2015\/08\/sfondo-pagine-198x300.png 198w\" sizes=\"(max-width: 633px) 100vw, 633px\" \/><\/a><\/p>\n<h3 class=\"std\"><\/h3>\n","protected":false},"excerpt":{"rendered":"<p><img loading=\"lazy\" decoding=\"async\" class=\"wp-image-3471 alignleft\" src=\"http:\/\/www.valledelmarta.com\/en\/wp-content\/uploads\/2022\/03\/medaglie-red-bitter.png\" alt=\"Awards RedBITTERCherry valledelmarta\" width=\"247\" height=\"111\" \/><\/p>\n<p>&nbsp;<\/p>\n<p>&nbsp;<\/p>\n<p>&nbsp;<\/p>\n<p><span dir=\"auto\" style=\"vertical-align: inherit;\"><span dir=\"auto\" style=\"vertical-align: inherit;\"><span dir=\"auto\" style=\"vertical-align: inherit;\"><span dir=\"auto\" style=\"vertical-align: inherit;\"><a href='https:\/\/www.valledelmarta.com\/it\/liquori-made-in-italy\/' class='small-button smallsilver'>Clicca qui per la pagina precedente<\/a><\/span><\/span><\/span><\/span><\/p>\n","protected":false},"featured_media":3466,"comment_status":"closed","ping_status":"closed","template":"","meta":{"_et_pb_use_builder":"","_et_pb_old_content":"","_et_gb_content_width":""},"product_brand":[],"product_cat":[15],"product_tag":[59],"class_list":{"0":"post-3148","1":"product","2":"type-product","3":"status-publish","4":"has-post-thumbnail","6":"product_cat-03-liquer-grappa-and-brandy","7":"product_tag-bitter-liqueur","9":"first","10":"instock","11":"shipping-taxable","12":"purchasable","13":"product-type-simple"},"_links":{"self":[{"href":"https:\/\/www.valledelmarta.com\/en\/wp-json\/wp\/v2\/product\/3148","targetHints":{"allow":["GET"]}}],"collection":[{"href":"https:\/\/www.valledelmarta.com\/en\/wp-json\/wp\/v2\/product"}],"about":[{"href":"https:\/\/www.valledelmarta.com\/en\/wp-json\/wp\/v2\/types\/product"}],"replies":[{"embeddable":true,"href":"https:\/\/www.valledelmarta.com\/en\/wp-json\/wp\/v2\/comments?post=3148"}],"wp:featuredmedia":[{"embeddable":true,"href":"https:\/\/www.valledelmarta.com\/en\/wp-json\/wp\/v2\/media\/3466"}],"wp:attachment":[{"href":"https:\/\/www.valledelmarta.com\/en\/wp-json\/wp\/v2\/media?parent=3148"}],"wp:term":[{"taxonomy":"product_brand","embeddable":true,"href":"https:\/\/www.valledelmarta.com\/en\/wp-json\/wp\/v2\/product_brand?post=3148"},{"taxonomy":"product_cat","embeddable":true,"href":"https:\/\/www.valledelmarta.com\/en\/wp-json\/wp\/v2\/product_cat?post=3148"},{"taxonomy":"product_tag","embeddable":true,"href":"https:\/\/www.valledelmarta.com\/en\/wp-json\/wp\/v2\/product_tag?post=3148"}],"curies":[{"name":"wp","href":"https:\/\/api.w.org\/{rel}","templated":true}]}}