{"id":3492,"date":"2025-10-31T15:58:36","date_gmt":"2025-10-31T15:58:36","guid":{"rendered":"https:\/\/www.valledelmarta.com\/en\/?post_type=product&#038;p=3492"},"modified":"2025-10-31T15:59:29","modified_gmt":"2025-10-31T15:59:29","slug":"gin-numa-rose-flavour-70-cl","status":"publish","type":"product","link":"https:\/\/www.valledelmarta.com\/en\/product\/gin-numa-rose-flavour-70-cl\/","title":{"rendered":"Gin NUMA Rose Flavour 70 cl"},"content":{"rendered":"<p><strong><span dir=\"auto\" style=\"vertical-align: inherit;\"><span dir=\"auto\" style=\"vertical-align: inherit;\">Nome<\/span><\/span><\/strong><span dir=\"auto\" style=\"vertical-align: inherit;\"><span dir=\"auto\" style=\"vertical-align: inherit;\"> : \u201cGin NUMA Rose Flavor\u201d. <\/span><\/span><br \/>\n<strong><span dir=\"auto\" style=\"vertical-align: inherit;\"><span dir=\"auto\" style=\"vertical-align: inherit;\">Produttore<\/span><\/span><\/strong><span dir=\"auto\" style=\"vertical-align: inherit;\"><span dir=\"auto\" style=\"vertical-align: inherit;\"> : Distilleria NUMA di Pusceddu \u2013 Tarquinia \u2013 VT \u2013 Lazio \u2013 Italia <\/span><\/span><br \/>\n<strong><span dir=\"auto\" style=\"vertical-align: inherit;\"><span dir=\"auto\" style=\"vertical-align: inherit;\">Codice accisa<\/span><\/span><\/strong><span dir=\"auto\" style=\"vertical-align: inherit;\"><span dir=\"auto\" style=\"vertical-align: inherit;\"> : Pusceddu Mario IT00VTA00039N <\/span><\/span><br \/>\n<strong><span dir=\"auto\" style=\"vertical-align: inherit;\"><span dir=\"auto\" style=\"vertical-align: inherit;\">Gradazione<\/span><\/span><\/strong><span dir=\"auto\" style=\"vertical-align: inherit;\"><span dir=\"auto\" style=\"vertical-align: inherit;\"> : 37,5% Vol. <\/span><\/span><br \/>\n<strong><span dir=\"auto\" style=\"vertical-align: inherit;\"><span dir=\"auto\" style=\"vertical-align: inherit;\">Contenitori<\/span><\/span><\/strong><span dir=\"auto\" style=\"vertical-align: inherit;\"><span dir=\"auto\" style=\"vertical-align: inherit;\"> : bottiglia di vetro da 70 cl. <\/span><\/span><br \/>\n<strong><span dir=\"auto\" style=\"vertical-align: inherit;\"><span dir=\"auto\" style=\"vertical-align: inherit;\">Ingredienti<\/span><\/span><\/strong><span dir=\"auto\" style=\"vertical-align: inherit;\"><span dir=\"auto\" style=\"vertical-align: inherit;\"> : acqua, alcool, zucchero, bacche di ginepro, petali di rosa. <\/span><\/span><br \/>\n<strong><span dir=\"auto\" style=\"vertical-align: inherit;\"><span dir=\"auto\" style=\"vertical-align: inherit;\">Descrizione<\/span><\/span><\/strong><span dir=\"auto\" style=\"vertical-align: inherit;\"><span dir=\"auto\" style=\"vertical-align: inherit;\"> : Il Gin Rose \u00e8 prodotto con l\u2019infusione a freddo di diversi elementi: bacche di ginepro selvatico (della variet\u00e0 Juniperus communis, appartenente alla famiglia delle Cupressaceae) raccolte nei boschi dell\u2019Universit\u00e0 di Agraria di Tarquinia e un infuso idroalcolico ottenuto a freddo a bassa gradazione alcolica di cinorrodi (il falso frutto della rosa canina) e petali di rosa canina. Il colore dell\u2019infuso \u00e8 un viola chiaro sentimentale, trasparente e brillante, senza opalescenza. Il metodo di infusione delle bacche, che avviene inserendole in sacchi di cotone antico intrecciati strettamente al telaio e il periodo di raccolta del ginepro, sono la vera caratterizzazione che contribuisce a conferire al liquore un&#8217;apparente lucentezza naturale e un prepotente profumo di ginepro. All&#8217;assaggio \u00e8 pieno, rotondo ed elegante, la sensazione che il profumo sprigiona \u00e8 quasi sensuale. Il retrogusto \u00e8 aromatico e persistente. Adatto a un pubblico femminile dal palato sofisticato e ideale per uomini alla ricerca di un drink originale e coinvolgente. L&#8217;assoluta con l&#8217;aggiunta di ghiaccio \u00e8 consigliata in ogni occasione. <\/span><\/span><br \/>\n<strong><span dir=\"auto\" style=\"vertical-align: inherit;\"><span dir=\"auto\" style=\"vertical-align: inherit;\">Temperatura di servizio<\/span><\/span><\/strong><span dir=\"auto\" style=\"vertical-align: inherit;\"><span dir=\"auto\" style=\"vertical-align: inherit;\"> : 18\u00b0C. <\/span><\/span><br \/>\n<strong><span dir=\"auto\" style=\"vertical-align: inherit;\"><span dir=\"auto\" style=\"vertical-align: inherit;\">Invecchiamento<\/span><\/span><\/strong><span dir=\"auto\" style=\"vertical-align: inherit;\"><span dir=\"auto\" style=\"vertical-align: inherit;\"> : senza limiti nella corretta conservazione. <\/span><\/span><br \/>\n<strong><span dir=\"auto\" style=\"vertical-align: inherit;\"><span dir=\"auto\" style=\"vertical-align: inherit;\">Conservazione<\/span><\/span><\/strong><span dir=\"auto\" style=\"vertical-align: inherit;\"><span dir=\"auto\" style=\"vertical-align: inherit;\"> : in luogo fresco e asciutto, al riparo dalla luce e da fonti di calore.<\/span><\/span><\/p>\n<p><span dir=\"auto\" style=\"vertical-align: inherit;\"><span dir=\"auto\" style=\"vertical-align: inherit;\">AREA DI PRODUZIONE: EUROPA \u2013 ITALIA \u2013 LAZIO \u2013 TARQUINIA \u2013 VALLE DEL FATTORIA MARTA<\/span><\/span><\/p>\n<p>&nbsp;<\/p>\n","protected":false},"excerpt":{"rendered":"<p>Nome : \u201cGin NUMA Rose Flavor\u201d. Produttore : Distilleria NUMA di Pusceddu \u2013 Tarquinia \u2013 VT \u2013 Lazio \u2013 Italia Codice accisa : Pusceddu Mario IT00VTA00039N Gradazione : 37,5% Vol. Contenitori : bottiglia di vetro da 70 cl. Ingredienti : acqua, alcool, zucchero, bacche di ginepro, petali di rosa. Descrizione : Il Gin Rose \u00e8 [&hellip;]<\/p>\n","protected":false},"featured_media":3384,"comment_status":"closed","ping_status":"closed","template":"","meta":{"_et_pb_use_builder":"","_et_pb_old_content":"","_et_gb_content_width":""},"product_brand":[],"product_cat":[15],"product_tag":[55,57,58],"class_list":{"0":"post-3492","1":"product","2":"type-product","3":"status-publish","4":"has-post-thumbnail","6":"product_cat-03-liquer-grappa-and-brandy","7":"product_tag-compound-gin","8":"product_tag-gin","9":"product_tag-rose-gin","11":"first","12":"instock","13":"shipping-taxable","14":"purchasable","15":"product-type-simple"},"_links":{"self":[{"href":"https:\/\/www.valledelmarta.com\/en\/wp-json\/wp\/v2\/product\/3492","targetHints":{"allow":["GET"]}}],"collection":[{"href":"https:\/\/www.valledelmarta.com\/en\/wp-json\/wp\/v2\/product"}],"about":[{"href":"https:\/\/www.valledelmarta.com\/en\/wp-json\/wp\/v2\/types\/product"}],"replies":[{"embeddable":true,"href":"https:\/\/www.valledelmarta.com\/en\/wp-json\/wp\/v2\/comments?post=3492"}],"wp:featuredmedia":[{"embeddable":true,"href":"https:\/\/www.valledelmarta.com\/en\/wp-json\/wp\/v2\/media\/3384"}],"wp:attachment":[{"href":"https:\/\/www.valledelmarta.com\/en\/wp-json\/wp\/v2\/media?parent=3492"}],"wp:term":[{"taxonomy":"product_brand","embeddable":true,"href":"https:\/\/www.valledelmarta.com\/en\/wp-json\/wp\/v2\/product_brand?post=3492"},{"taxonomy":"product_cat","embeddable":true,"href":"https:\/\/www.valledelmarta.com\/en\/wp-json\/wp\/v2\/product_cat?post=3492"},{"taxonomy":"product_tag","embeddable":true,"href":"https:\/\/www.valledelmarta.com\/en\/wp-json\/wp\/v2\/product_tag?post=3492"}],"curies":[{"name":"wp","href":"https:\/\/api.w.org\/{rel}","templated":true}]}}